{"id":1746,"date":"2024-03-22T13:47:19","date_gmt":"2024-03-22T12:47:19","guid":{"rendered":"https:\/\/polishismylove.pl\/szczecin\/?page_id=1746"},"modified":"2024-06-20T09:56:22","modified_gmt":"2024-06-20T07:56:22","slug":"egzamin-panstwowy","status":"publish","type":"page","link":"https:\/\/polishismylove.pl\/szczecin\/egzamin-panstwowy\/","title":{"rendered":"Pa\u0144stwowy Egzamin Certyfikatowy"},"content":{"rendered":"<div class=\"wpb-content-wrapper\"><p>[vc_row][vc_column][vc_column_text]<img decoding=\"async\" class=\"alignright size-full wp-image-1780\" src=\"https:\/\/polishismylove.pl\/szczecin\/wp-content\/uploads\/sites\/3\/2024\/03\/egzamin_polski_logo.png\" alt=\"\" width=\"269\" height=\"269\" srcset=\"https:\/\/polishismylove.pl\/szczecin\/wp-content\/uploads\/sites\/3\/2024\/03\/egzamin_polski_logo.png 269w, https:\/\/polishismylove.pl\/szczecin\/wp-content\/uploads\/sites\/3\/2024\/03\/egzamin_polski_logo-150x150.png 150w, https:\/\/polishismylove.pl\/szczecin\/wp-content\/uploads\/sites\/3\/2024\/03\/egzamin_polski_logo-120x120.png 120w\" sizes=\"(max-width: 269px) 100vw, 269px\" \/>Z przyjemno\u015bci\u0105 informujemy, \u017ce nasza szko\u0142a ma uprawnienia do <strong>przeprowadzania Pa\u0144stwowych Egzamin\u00f3w Certyfikatowych z J\u0119zyka Polskiego jako Obcego<\/strong> , w grupach dostosowanych do potrzeb os\u00f3b doros\u0142ych, na poziomach B1, B2, C1 i C2.<\/p>\n<p>Do Pa\u0144stwowego Egzaminu Certyfikatowego mog\u0105 przyst\u0105pi\u0107 osoby, kt\u00f3re maj\u0105 uko\u0144czone 18 lat.<br \/>\nOsoby niepe\u0142noletnie (16-18 lat) mog\u0105 przyst\u0105pi\u0107 do egzaminu za pisemn\u0105 zgod\u0105 ich opiekuna prawnego<\/p>\n<p>Certyfikat, kt\u00f3ry uzyskuje si\u0119 po zdanym egzaminie jest <strong>dokumentem oficjalnie potwierdzaj\u0105cym znajomo\u015b\u0107 j\u0119zyka polskiego<\/strong>.<\/p>\n<p>To dokument niezb\u0119dny dla tych, kt\u00f3rzy chc\u0105:<\/p>\n<ul>\n<li>stara\u0107 si\u0119 o polskie obywatelstwo<\/li>\n<li>studiowa\u0107 na polskich uczelniach<\/li>\n<li>zwi\u0119kszy\u0107 swoj\u0105 konkurencyjno\u015b\u0107 na rynku pracy<\/li>\n<\/ul>\n<p>Certyfikat uprawnia r\u00f3wnie\u017c do aplikowania o kart\u0119 rezydenta d\u0142ugoterminowego UE.<\/p>\n<p>Szczeg\u00f3\u0142owe informacje o egzaminach znajd\u0105 Pa\u0144stwo na stronie <a href=\"http:\/\/www.certyfikatpolski.pl\">www.certyfikatpolski.pl<\/a><\/p>\n<p>Nasza szko\u0142a organizuje r\u00f3wnie\u017c kursy przygotowuj\u0105ce do egzaminu. Nasi kursanci maj\u0105 gwarantowane miejsce na egzaminie!<\/p>\n<p>Informacje o kursach znajd\u0105 Pa\u0144stwo w zak\u0142adce Kursy[\/vc_column_text][\/vc_column][\/vc_row][vc_row css=&#8221;.vc_custom_1711547507807{padding-top: 40px !important;}&#8221;][vc_column][vc_btn title=&#8221;Kursy przygotowuj\u0105ce&#8221; color=&#8221;primary&#8221; size=&#8221;lg&#8221; align=&#8221;center&#8221; link=&#8221;url:https%3A%2F%2Fpolishismylove.pl%2Fszczecin%2Fkursy-przygotowujace-do-panstwowego-egzaminu-certyfikatowego%2F|title:Kursy&#8221;][\/vc_column][\/vc_row][vc_row css=&#8221;.vc_custom_1711547507807{padding-top: 40px !important;}&#8221;][vc_column][vc_btn title=&#8221;Zapisy na egzamin&#8221; color=&#8221;juicy-pink&#8221; size=&#8221;lg&#8221; align=&#8221;center&#8221; link=&#8221;url:https%3A%2F%2Fpolishismylove.pl%2Fszczecin%2Fegzamin-panstwowy-zapisy%2F|title:Zapisy%20na%20egzamin&#8221;][\/vc_column][\/vc_row]<\/p>\n<\/div>","protected":false},"excerpt":{"rendered":"<p>[vc_row][vc_column][vc_column_text]Z przyjemno\u015bci\u0105 informujemy, \u017ce nasza szko\u0142a ma uprawnienia do przeprowadzania Pa\u0144stwowych Egzamin\u00f3w Certyfikatowych z J\u0119zyka Polskiego jako Obcego , w grupach dostosowanych do potrzeb os\u00f3b doros\u0142ych, na poziomach B1, B2, C1 i C2. Do Pa\u0144stwowego Egzaminu Certyfikatowego mog\u0105 przyst\u0105pi\u0107 osoby, kt\u00f3re maj\u0105 uko\u0144czone 18 lat. Osoby niepe\u0142noletnie (16-18 lat) mog\u0105 przyst\u0105pi\u0107 do egzaminu za pisemn\u0105 [&hellip;]<\/p>\n","protected":false},"author":1,"featured_media":0,"parent":0,"menu_order":0,"comment_status":"closed","ping_status":"closed","template":"","meta":{"footnotes":""},"class_list":["post-1746","page","type-page","status-publish","hentry"],"yoast_head":"<!-- This site is optimized with the Yoast SEO plugin v27.0 - https:\/\/yoast.com\/product\/yoast-seo-wordpress\/ -->\n<title>Egzamin Pa\u0144stwowy z j\u0119zyka polskiego - poziom B1<\/title>\n<meta name=\"robots\" content=\"index, follow, max-snippet:-1, max-image-preview:large, max-video-preview:-1\" \/>\n<link rel=\"canonical\" href=\"https:\/\/polishismylove.pl\/szczecin\/egzamin-panstwowy\/\" \/>\n<meta property=\"og:locale\" content=\"pl_PL\" \/>\n<meta property=\"og:type\" content=\"article\" \/>\n<meta property=\"og:title\" content=\"Egzamin Pa\u0144stwowy z j\u0119zyka polskiego - poziom B1\" \/>\n<meta property=\"og:description\" content=\"[vc_row][vc_column][vc_column_text]Z przyjemno\u015bci\u0105 informujemy, \u017ce nasza szko\u0142a ma uprawnienia do przeprowadzania Pa\u0144stwowych Egzamin\u00f3w Certyfikatowych z J\u0119zyka Polskiego jako Obcego , w grupach dostosowanych do potrzeb os\u00f3b doros\u0142ych, na poziomach B1, B2, C1 i C2. Do Pa\u0144stwowego Egzaminu Certyfikatowego mog\u0105 przyst\u0105pi\u0107 osoby, kt\u00f3re maj\u0105 uko\u0144czone 18 lat. Osoby niepe\u0142noletnie (16-18 lat) mog\u0105 przyst\u0105pi\u0107 do egzaminu za pisemn\u0105 [&hellip;]\" \/>\n<meta property=\"og:url\" content=\"https:\/\/polishismylove.pl\/szczecin\/egzamin-panstwowy\/\" \/>\n<meta property=\"og:site_name\" content=\"Polish is my love - Szczecin\" \/>\n<meta property=\"article:modified_time\" content=\"2024-06-20T07:56:22+00:00\" \/>\n<meta property=\"og:image\" content=\"https:\/\/polishismylove.pl\/szczecin\/wp-content\/uploads\/sites\/3\/2024\/03\/egzamin_polski_logo.png\" \/>\n<meta name=\"twitter:card\" content=\"summary_large_image\" \/>\n<meta name=\"twitter:label1\" content=\"Szacowany czas czytania\" \/>\n\t<meta name=\"twitter:data1\" content=\"1 minuta\" \/>\n<script type=\"application\/ld+json\" class=\"yoast-schema-graph\">{\"@context\":\"https:\/\/schema.org\",\"@graph\":[{\"@type\":\"WebPage\",\"@id\":\"https:\/\/polishismylove.pl\/szczecin\/egzamin-panstwowy\/\",\"url\":\"https:\/\/polishismylove.pl\/szczecin\/egzamin-panstwowy\/\",\"name\":\"Egzamin Pa\u0144stwowy z j\u0119zyka polskiego - poziom B1\",\"isPartOf\":{\"@id\":\"https:\/\/polishismylove.pl\/szczecin\/#website\"},\"primaryImageOfPage\":{\"@id\":\"https:\/\/polishismylove.pl\/szczecin\/egzamin-panstwowy\/#primaryimage\"},\"image\":{\"@id\":\"https:\/\/polishismylove.pl\/szczecin\/egzamin-panstwowy\/#primaryimage\"},\"thumbnailUrl\":\"https:\/\/polishismylove.pl\/szczecin\/wp-content\/uploads\/sites\/3\/2024\/03\/egzamin_polski_logo.png\",\"datePublished\":\"2024-03-22T12:47:19+00:00\",\"dateModified\":\"2024-06-20T07:56:22+00:00\",\"breadcrumb\":{\"@id\":\"https:\/\/polishismylove.pl\/szczecin\/egzamin-panstwowy\/#breadcrumb\"},\"inLanguage\":\"pl-PL\",\"potentialAction\":[{\"@type\":\"ReadAction\",\"target\":[\"https:\/\/polishismylove.pl\/szczecin\/egzamin-panstwowy\/\"]}]},{\"@type\":\"ImageObject\",\"inLanguage\":\"pl-PL\",\"@id\":\"https:\/\/polishismylove.pl\/szczecin\/egzamin-panstwowy\/#primaryimage\",\"url\":\"https:\/\/polishismylove.pl\/szczecin\/wp-content\/uploads\/sites\/3\/2024\/03\/egzamin_polski_logo.png\",\"contentUrl\":\"https:\/\/polishismylove.pl\/szczecin\/wp-content\/uploads\/sites\/3\/2024\/03\/egzamin_polski_logo.png\",\"width\":269,\"height\":269},{\"@type\":\"BreadcrumbList\",\"@id\":\"https:\/\/polishismylove.pl\/szczecin\/egzamin-panstwowy\/#breadcrumb\",\"itemListElement\":[{\"@type\":\"ListItem\",\"position\":1,\"name\":\"Strona g\u0142\u00f3wna\",\"item\":\"https:\/\/polishismylove.pl\/szczecin\/\"},{\"@type\":\"ListItem\",\"position\":2,\"name\":\"Pa\u0144stwowy Egzamin Certyfikatowy\"}]},{\"@type\":\"WebSite\",\"@id\":\"https:\/\/polishismylove.pl\/szczecin\/#website\",\"url\":\"https:\/\/polishismylove.pl\/szczecin\/\",\"name\":\"Polish is my love - Szczecin\",\"description\":\"\",\"potentialAction\":[{\"@type\":\"SearchAction\",\"target\":{\"@type\":\"EntryPoint\",\"urlTemplate\":\"https:\/\/polishismylove.pl\/szczecin\/?s={search_term_string}\"},\"query-input\":{\"@type\":\"PropertyValueSpecification\",\"valueRequired\":true,\"valueName\":\"search_term_string\"}}],\"inLanguage\":\"pl-PL\"}]}<\/script>\n<!-- \/ Yoast SEO plugin. -->","yoast_head_json":{"title":"Egzamin Pa\u0144stwowy z j\u0119zyka polskiego - poziom B1","robots":{"index":"index","follow":"follow","max-snippet":"max-snippet:-1","max-image-preview":"max-image-preview:large","max-video-preview":"max-video-preview:-1"},"canonical":"https:\/\/polishismylove.pl\/szczecin\/egzamin-panstwowy\/","og_locale":"pl_PL","og_type":"article","og_title":"Egzamin Pa\u0144stwowy z j\u0119zyka polskiego - poziom B1","og_description":"[vc_row][vc_column][vc_column_text]Z przyjemno\u015bci\u0105 informujemy, \u017ce nasza szko\u0142a ma uprawnienia do przeprowadzania Pa\u0144stwowych Egzamin\u00f3w Certyfikatowych z J\u0119zyka Polskiego jako Obcego , w grupach dostosowanych do potrzeb os\u00f3b doros\u0142ych, na poziomach B1, B2, C1 i C2. Do Pa\u0144stwowego Egzaminu Certyfikatowego mog\u0105 przyst\u0105pi\u0107 osoby, kt\u00f3re maj\u0105 uko\u0144czone 18 lat. Osoby niepe\u0142noletnie (16-18 lat) mog\u0105 przyst\u0105pi\u0107 do egzaminu za pisemn\u0105 [&hellip;]","og_url":"https:\/\/polishismylove.pl\/szczecin\/egzamin-panstwowy\/","og_site_name":"Polish is my love - Szczecin","article_modified_time":"2024-06-20T07:56:22+00:00","og_image":[{"url":"https:\/\/polishismylove.pl\/szczecin\/wp-content\/uploads\/sites\/3\/2024\/03\/egzamin_polski_logo.png","type":"","width":"","height":""}],"twitter_card":"summary_large_image","twitter_misc":{"Szacowany czas czytania":"1 minuta"},"schema":{"@context":"https:\/\/schema.org","@graph":[{"@type":"WebPage","@id":"https:\/\/polishismylove.pl\/szczecin\/egzamin-panstwowy\/","url":"https:\/\/polishismylove.pl\/szczecin\/egzamin-panstwowy\/","name":"Egzamin Pa\u0144stwowy z j\u0119zyka polskiego - poziom B1","isPartOf":{"@id":"https:\/\/polishismylove.pl\/szczecin\/#website"},"primaryImageOfPage":{"@id":"https:\/\/polishismylove.pl\/szczecin\/egzamin-panstwowy\/#primaryimage"},"image":{"@id":"https:\/\/polishismylove.pl\/szczecin\/egzamin-panstwowy\/#primaryimage"},"thumbnailUrl":"https:\/\/polishismylove.pl\/szczecin\/wp-content\/uploads\/sites\/3\/2024\/03\/egzamin_polski_logo.png","datePublished":"2024-03-22T12:47:19+00:00","dateModified":"2024-06-20T07:56:22+00:00","breadcrumb":{"@id":"https:\/\/polishismylove.pl\/szczecin\/egzamin-panstwowy\/#breadcrumb"},"inLanguage":"pl-PL","potentialAction":[{"@type":"ReadAction","target":["https:\/\/polishismylove.pl\/szczecin\/egzamin-panstwowy\/"]}]},{"@type":"ImageObject","inLanguage":"pl-PL","@id":"https:\/\/polishismylove.pl\/szczecin\/egzamin-panstwowy\/#primaryimage","url":"https:\/\/polishismylove.pl\/szczecin\/wp-content\/uploads\/sites\/3\/2024\/03\/egzamin_polski_logo.png","contentUrl":"https:\/\/polishismylove.pl\/szczecin\/wp-content\/uploads\/sites\/3\/2024\/03\/egzamin_polski_logo.png","width":269,"height":269},{"@type":"BreadcrumbList","@id":"https:\/\/polishismylove.pl\/szczecin\/egzamin-panstwowy\/#breadcrumb","itemListElement":[{"@type":"ListItem","position":1,"name":"Strona g\u0142\u00f3wna","item":"https:\/\/polishismylove.pl\/szczecin\/"},{"@type":"ListItem","position":2,"name":"Pa\u0144stwowy Egzamin Certyfikatowy"}]},{"@type":"WebSite","@id":"https:\/\/polishismylove.pl\/szczecin\/#website","url":"https:\/\/polishismylove.pl\/szczecin\/","name":"Polish is my love - Szczecin","description":"","potentialAction":[{"@type":"SearchAction","target":{"@type":"EntryPoint","urlTemplate":"https:\/\/polishismylove.pl\/szczecin\/?s={search_term_string}"},"query-input":{"@type":"PropertyValueSpecification","valueRequired":true,"valueName":"search_term_string"}}],"inLanguage":"pl-PL"}]}},"_links":{"self":[{"href":"https:\/\/polishismylove.pl\/szczecin\/wp-json\/wp\/v2\/pages\/1746","targetHints":{"allow":["GET"]}}],"collection":[{"href":"https:\/\/polishismylove.pl\/szczecin\/wp-json\/wp\/v2\/pages"}],"about":[{"href":"https:\/\/polishismylove.pl\/szczecin\/wp-json\/wp\/v2\/types\/page"}],"author":[{"embeddable":true,"href":"https:\/\/polishismylove.pl\/szczecin\/wp-json\/wp\/v2\/users\/1"}],"replies":[{"embeddable":true,"href":"https:\/\/polishismylove.pl\/szczecin\/wp-json\/wp\/v2\/comments?post=1746"}],"version-history":[{"count":24,"href":"https:\/\/polishismylove.pl\/szczecin\/wp-json\/wp\/v2\/pages\/1746\/revisions"}],"predecessor-version":[{"id":2035,"href":"https:\/\/polishismylove.pl\/szczecin\/wp-json\/wp\/v2\/pages\/1746\/revisions\/2035"}],"wp:attachment":[{"href":"https:\/\/polishismylove.pl\/szczecin\/wp-json\/wp\/v2\/media?parent=1746"}],"curies":[{"name":"wp","href":"https:\/\/api.w.org\/{rel}","templated":true}]}}