{"id":1142,"date":"2022-06-29T09:55:39","date_gmt":"2022-06-29T07:55:39","guid":{"rendered":"http:\/\/polishismylove.pl\/warszawa\/?page_id=1142"},"modified":"2022-06-29T10:16:04","modified_gmt":"2022-06-29T08:16:04","slug":"o-szkole","status":"publish","type":"page","link":"https:\/\/polishismylove.pl\/warszawa\/o-szkole\/","title":{"rendered":"O szkole"},"content":{"rendered":"<div class=\"wpb-content-wrapper\"><p>[vc_row][vc_column][vc_column_text]<\/p>\n<h2 style=\"text-align: center;\"><strong><em>O szkole Polish is my love<\/em><\/strong><\/h2>\n<p>[\/vc_column_text][\/vc_column][\/vc_row][vc_row][vc_column width=&#8221;1\/6&#8243;][vc_column_text][\/vc_column_text][\/vc_column][vc_column width=&#8221;2\/3&#8243;][vc_column_text]<\/p>\n<ul>\n<li>Bariera j\u0119zykowa uniemo\u017cliwia Ci swobodne porozumiewanie si\u0119 w pracy?<\/li>\n<li>Chcesz nauczy\u0107 si\u0119 j\u0119zyka polskiego, by komunikowa\u0107 si\u0119 z partnerami biznesowymi?<\/li>\n<li>Marzysz o tym, by m\u00f3wi\u0107 po polsku w codziennych sytuacjach komunikacyjnych?<\/li>\n<li>Nie chcesz traci\u0107 czasu na dojazd do szko\u0142y j\u0119zykowej?<\/li>\n<\/ul>\n<p>[\/vc_column_text][\/vc_column][vc_column width=&#8221;1\/6&#8243;][\/vc_column][\/vc_row][vc_row][vc_column][vc_empty_space][\/vc_column][\/vc_row][vc_row][vc_column width=&#8221;1\/6&#8243;][\/vc_column][vc_column width=&#8221;2\/3&#8243;][vc_column_text]<\/p>\n<p style=\"text-align: center;\"><em><strong>\u201ePolish is my love\u201d<\/strong> umo\u017cliwi Ci realizacj\u0119 plan\u00f3w, dotycz\u0105cych \u017cycia w naszym kraju. Prowadzimy kursy j\u0119zyka polskiego dla obcokrajowc\u00f3w na wszystkich poziomach zaawansowania. Nasza oferta skierowana jest do os\u00f3b, kt\u00f3re chc\u0105 uczy\u0107 si\u0119 we w\u0142asnym biurze. Oferujemy kursy z darmowym dojazdem lektora do firm na terenie Warszawy.<\/em><\/p>\n<p>[\/vc_column_text][\/vc_column][vc_column width=&#8221;1\/6&#8243;][\/vc_column][\/vc_row][vc_row][vc_column][vc_empty_space][\/vc_column][\/vc_row][vc_row][vc_column][vc_separator][\/vc_column][\/vc_row][vc_row][vc_column][vc_empty_space][\/vc_column][\/vc_row][vc_row][vc_column width=&#8221;1\/6&#8243;][\/vc_column][vc_column width=&#8221;2\/3&#8243;][vc_column_text]Najwy\u017csz\u0105 jako\u015b\u0107 nauczania gwarantuje wykwalifikowana i do\u015bwiadczona kadra polonist\u00f3w. Wykupuj\u0105c kurs w szkole <strong>Polish Is My Love<\/strong> masz gwarancj\u0119, \u017ce Twoim lektorem b\u0119dzie osoba, kt\u00f3ra uko\u0144czy\u0142a filologi\u0119 polsk\u0105 i posiada ugruntowan\u0105 wiedz\u0119 z zakresu gramatyki i leksyki wsp\u00f3\u0142czesnej polszczyzny.<\/p>\n<p>&nbsp;<\/p>\n<p>Nasza kadra opr\u00f3cz dyplomu uko\u0144czenia magisterskich studi\u00f3w filologicznych, legitymuje si\u0119 tak\u017ce \u015bwiadectwem uko\u0144czenia studi\u00f3w doktoranckich w zakresie j\u0119zykoznawstwa. Tak wysokie kwalifikacje po\u0142\u0105czone z do\u015bwiadczeniem i mi\u0142o\u015bci\u0105 do nauczania j\u0119zyka polskiego jako obcego, s\u0105 gwarancj\u0105, \u017ce \u017cadna lekcja u nas nie b\u0119dzie dla Ciebie czasem straconym.[\/vc_column_text][\/vc_column][vc_column width=&#8221;1\/6&#8243;][\/vc_column][\/vc_row]<\/p>\n<\/div>","protected":false},"excerpt":{"rendered":"<p>[vc_row][vc_column][vc_column_text] O szkole Polish is my love [\/vc_column_text][\/vc_column][\/vc_row][vc_row][vc_column width=&#8221;1\/6&#8243;][vc_column_text][\/vc_column_text][\/vc_column][vc_column width=&#8221;2\/3&#8243;][vc_column_text] Bariera j\u0119zykowa uniemo\u017cliwia Ci swobodne porozumiewanie si\u0119 w pracy? Chcesz nauczy\u0107 si\u0119 j\u0119zyka polskiego, by komunikowa\u0107 si\u0119 z partnerami biznesowymi? Marzysz o tym, by m\u00f3wi\u0107 po polsku w codziennych sytuacjach komunikacyjnych? Nie chcesz traci\u0107 czasu na dojazd do szko\u0142y j\u0119zykowej? [\/vc_column_text][\/vc_column][vc_column width=&#8221;1\/6&#8243;][\/vc_column][\/vc_row][vc_row][vc_column][vc_empty_space][\/vc_column][\/vc_row][vc_row][vc_column width=&#8221;1\/6&#8243;][\/vc_column][vc_column width=&#8221;2\/3&#8243;][vc_column_text] \u201ePolish [&hellip;]<\/p>\n","protected":false},"author":1,"featured_media":0,"parent":0,"menu_order":0,"comment_status":"closed","ping_status":"closed","template":"","meta":{"footnotes":""},"class_list":["post-1142","page","type-page","status-publish","hentry"],"yoast_head":"<!-- This site is optimized with the Yoast SEO plugin v27.0 - https:\/\/yoast.com\/product\/yoast-seo-wordpress\/ -->\n<title>O szkole - Polish is my love - Warszawa<\/title>\n<meta name=\"robots\" content=\"index, follow, max-snippet:-1, max-image-preview:large, max-video-preview:-1\" \/>\n<link rel=\"canonical\" href=\"https:\/\/polishismylove.pl\/warszawa\/o-szkole\/\" \/>\n<meta property=\"og:locale\" content=\"pl_PL\" \/>\n<meta property=\"og:type\" content=\"article\" \/>\n<meta property=\"og:title\" content=\"O szkole - Polish is my love - Warszawa\" \/>\n<meta property=\"og:description\" content=\"[vc_row][vc_column][vc_column_text] O szkole Polish is my love [\/vc_column_text][\/vc_column][\/vc_row][vc_row][vc_column width=&#8221;1\/6&#8243;][vc_column_text][\/vc_column_text][\/vc_column][vc_column width=&#8221;2\/3&#8243;][vc_column_text] Bariera j\u0119zykowa uniemo\u017cliwia Ci swobodne porozumiewanie si\u0119 w pracy? Chcesz nauczy\u0107 si\u0119 j\u0119zyka polskiego, by komunikowa\u0107 si\u0119 z partnerami biznesowymi? Marzysz o tym, by m\u00f3wi\u0107 po polsku w codziennych sytuacjach komunikacyjnych? Nie chcesz traci\u0107 czasu na dojazd do szko\u0142y j\u0119zykowej? [\/vc_column_text][\/vc_column][vc_column width=&#8221;1\/6&#8243;][\/vc_column][\/vc_row][vc_row][vc_column][vc_empty_space][\/vc_column][\/vc_row][vc_row][vc_column width=&#8221;1\/6&#8243;][\/vc_column][vc_column width=&#8221;2\/3&#8243;][vc_column_text] \u201ePolish [&hellip;]\" \/>\n<meta property=\"og:url\" content=\"https:\/\/polishismylove.pl\/warszawa\/o-szkole\/\" \/>\n<meta property=\"og:site_name\" content=\"Polish is my love - Warszawa\" \/>\n<meta property=\"article:modified_time\" content=\"2022-06-29T08:16:04+00:00\" \/>\n<meta name=\"twitter:card\" content=\"summary_large_image\" \/>\n<meta name=\"twitter:label1\" content=\"Szacowany czas czytania\" \/>\n\t<meta name=\"twitter:data1\" content=\"2 minuty\" \/>\n<script type=\"application\/ld+json\" class=\"yoast-schema-graph\">{\"@context\":\"https:\/\/schema.org\",\"@graph\":[{\"@type\":\"WebPage\",\"@id\":\"https:\/\/polishismylove.pl\/warszawa\/o-szkole\/\",\"url\":\"https:\/\/polishismylove.pl\/warszawa\/o-szkole\/\",\"name\":\"O szkole - Polish is my love - Warszawa\",\"isPartOf\":{\"@id\":\"https:\/\/polishismylove.pl\/warszawa\/#website\"},\"datePublished\":\"2022-06-29T07:55:39+00:00\",\"dateModified\":\"2022-06-29T08:16:04+00:00\",\"breadcrumb\":{\"@id\":\"https:\/\/polishismylove.pl\/warszawa\/o-szkole\/#breadcrumb\"},\"inLanguage\":\"pl-PL\",\"potentialAction\":[{\"@type\":\"ReadAction\",\"target\":[\"https:\/\/polishismylove.pl\/warszawa\/o-szkole\/\"]}]},{\"@type\":\"BreadcrumbList\",\"@id\":\"https:\/\/polishismylove.pl\/warszawa\/o-szkole\/#breadcrumb\",\"itemListElement\":[{\"@type\":\"ListItem\",\"position\":1,\"name\":\"Strona g\u0142\u00f3wna\",\"item\":\"https:\/\/polishismylove.pl\/warszawa\/\"},{\"@type\":\"ListItem\",\"position\":2,\"name\":\"O szkole\"}]},{\"@type\":\"WebSite\",\"@id\":\"https:\/\/polishismylove.pl\/warszawa\/#website\",\"url\":\"https:\/\/polishismylove.pl\/warszawa\/\",\"name\":\"Polish is my love - Warszawa\",\"description\":\"\",\"potentialAction\":[{\"@type\":\"SearchAction\",\"target\":{\"@type\":\"EntryPoint\",\"urlTemplate\":\"https:\/\/polishismylove.pl\/warszawa\/?s={search_term_string}\"},\"query-input\":{\"@type\":\"PropertyValueSpecification\",\"valueRequired\":true,\"valueName\":\"search_term_string\"}}],\"inLanguage\":\"pl-PL\"}]}<\/script>\n<!-- \/ Yoast SEO plugin. -->","yoast_head_json":{"title":"O szkole - Polish is my love - Warszawa","robots":{"index":"index","follow":"follow","max-snippet":"max-snippet:-1","max-image-preview":"max-image-preview:large","max-video-preview":"max-video-preview:-1"},"canonical":"https:\/\/polishismylove.pl\/warszawa\/o-szkole\/","og_locale":"pl_PL","og_type":"article","og_title":"O szkole - Polish is my love - Warszawa","og_description":"[vc_row][vc_column][vc_column_text] O szkole Polish is my love [\/vc_column_text][\/vc_column][\/vc_row][vc_row][vc_column width=&#8221;1\/6&#8243;][vc_column_text][\/vc_column_text][\/vc_column][vc_column width=&#8221;2\/3&#8243;][vc_column_text] Bariera j\u0119zykowa uniemo\u017cliwia Ci swobodne porozumiewanie si\u0119 w pracy? Chcesz nauczy\u0107 si\u0119 j\u0119zyka polskiego, by komunikowa\u0107 si\u0119 z partnerami biznesowymi? Marzysz o tym, by m\u00f3wi\u0107 po polsku w codziennych sytuacjach komunikacyjnych? Nie chcesz traci\u0107 czasu na dojazd do szko\u0142y j\u0119zykowej? [\/vc_column_text][\/vc_column][vc_column width=&#8221;1\/6&#8243;][\/vc_column][\/vc_row][vc_row][vc_column][vc_empty_space][\/vc_column][\/vc_row][vc_row][vc_column width=&#8221;1\/6&#8243;][\/vc_column][vc_column width=&#8221;2\/3&#8243;][vc_column_text] \u201ePolish [&hellip;]","og_url":"https:\/\/polishismylove.pl\/warszawa\/o-szkole\/","og_site_name":"Polish is my love - Warszawa","article_modified_time":"2022-06-29T08:16:04+00:00","twitter_card":"summary_large_image","twitter_misc":{"Szacowany czas czytania":"2 minuty"},"schema":{"@context":"https:\/\/schema.org","@graph":[{"@type":"WebPage","@id":"https:\/\/polishismylove.pl\/warszawa\/o-szkole\/","url":"https:\/\/polishismylove.pl\/warszawa\/o-szkole\/","name":"O szkole - Polish is my love - Warszawa","isPartOf":{"@id":"https:\/\/polishismylove.pl\/warszawa\/#website"},"datePublished":"2022-06-29T07:55:39+00:00","dateModified":"2022-06-29T08:16:04+00:00","breadcrumb":{"@id":"https:\/\/polishismylove.pl\/warszawa\/o-szkole\/#breadcrumb"},"inLanguage":"pl-PL","potentialAction":[{"@type":"ReadAction","target":["https:\/\/polishismylove.pl\/warszawa\/o-szkole\/"]}]},{"@type":"BreadcrumbList","@id":"https:\/\/polishismylove.pl\/warszawa\/o-szkole\/#breadcrumb","itemListElement":[{"@type":"ListItem","position":1,"name":"Strona g\u0142\u00f3wna","item":"https:\/\/polishismylove.pl\/warszawa\/"},{"@type":"ListItem","position":2,"name":"O szkole"}]},{"@type":"WebSite","@id":"https:\/\/polishismylove.pl\/warszawa\/#website","url":"https:\/\/polishismylove.pl\/warszawa\/","name":"Polish is my love - Warszawa","description":"","potentialAction":[{"@type":"SearchAction","target":{"@type":"EntryPoint","urlTemplate":"https:\/\/polishismylove.pl\/warszawa\/?s={search_term_string}"},"query-input":{"@type":"PropertyValueSpecification","valueRequired":true,"valueName":"search_term_string"}}],"inLanguage":"pl-PL"}]}},"_links":{"self":[{"href":"https:\/\/polishismylove.pl\/warszawa\/wp-json\/wp\/v2\/pages\/1142","targetHints":{"allow":["GET"]}}],"collection":[{"href":"https:\/\/polishismylove.pl\/warszawa\/wp-json\/wp\/v2\/pages"}],"about":[{"href":"https:\/\/polishismylove.pl\/warszawa\/wp-json\/wp\/v2\/types\/page"}],"author":[{"embeddable":true,"href":"https:\/\/polishismylove.pl\/warszawa\/wp-json\/wp\/v2\/users\/1"}],"replies":[{"embeddable":true,"href":"https:\/\/polishismylove.pl\/warszawa\/wp-json\/wp\/v2\/comments?post=1142"}],"version-history":[{"count":3,"href":"https:\/\/polishismylove.pl\/warszawa\/wp-json\/wp\/v2\/pages\/1142\/revisions"}],"predecessor-version":[{"id":1173,"href":"https:\/\/polishismylove.pl\/warszawa\/wp-json\/wp\/v2\/pages\/1142\/revisions\/1173"}],"wp:attachment":[{"href":"https:\/\/polishismylove.pl\/warszawa\/wp-json\/wp\/v2\/media?parent=1142"}],"curies":[{"name":"wp","href":"https:\/\/api.w.org\/{rel}","templated":true}]}}